
{"id":4845,"date":"2024-04-02T16:15:13","date_gmt":"2024-04-02T23:15:13","guid":{"rendered":"https:\/\/hdcrentacar.com\/?page_id=4845"},"modified":"2024-04-17T06:18:37","modified_gmt":"2024-04-17T13:18:37","slug":"terms-conditions","status":"publish","type":"page","link":"https:\/\/hdcrentacar.com\/es\/terms-conditions\/","title":{"rendered":"T\u00e9rminos y condiciones"},"content":{"rendered":"<div data-elementor-type=\"wp-page\" data-elementor-id=\"4845\" class=\"elementor elementor-4845\">\n\t\t\t\t<div class=\"elementor-element elementor-element-6d25b2ec e-flex e-con-boxed e-con e-parent\" data-id=\"6d25b2ec\" data-element_type=\"container\" data-e-type=\"container\">\n\t\t\t\t\t<div class=\"e-con-inner\">\n\t\t\t\t<div class=\"elementor-element elementor-element-fed6499 elementor-widget-divider--view-line elementor-widget elementor-widget-divider\" data-id=\"fed6499\" data-element_type=\"widget\" data-e-type=\"widget\" data-widget_type=\"divider.default\">\n\t\t\t\t<div class=\"elementor-widget-container\">\n\t\t\t\t\t\t\t<div class=\"elementor-divider\">\n\t\t\t<span class=\"elementor-divider-separator\">\n\t\t\t\t\t\t<\/span>\n\t\t<\/div>\n\t\t\t\t\t\t<\/div>\n\t\t\t\t<\/div>\n\t\t\t\t<div class=\"elementor-element elementor-element-9684e4 elementor-widget elementor-widget-text-editor\" data-id=\"9684e4\" data-element_type=\"widget\" data-e-type=\"widget\" data-widget_type=\"text-editor.default\">\n\t\t\t\t<div class=\"elementor-widget-container\">\n\t\t\t\t\t\t\t\t\t\n<p>T\u00c9RMINOS Y CONDICIONES GENERALES DE ALQUILER<\/p>\n\t\t\t\t\t\t\t\t<\/div>\n\t\t\t\t<\/div>\n\t\t\t\t<div class=\"elementor-element elementor-element-ab4cbe3 elementor-widget elementor-widget-accordion\" data-id=\"ab4cbe3\" data-element_type=\"widget\" data-e-type=\"widget\" data-widget_type=\"accordion.default\">\n\t\t\t\t<div class=\"elementor-widget-container\">\n\t\t\t\t\t\t\t<div class=\"elementor-accordion\">\n\t\t\t\t\t\t\t<div class=\"elementor-accordion-item\">\n\t\t\t\t\t<div id=\"elementor-tab-title-1791\" class=\"elementor-tab-title\" data-tab=\"1\" role=\"button\" aria-controls=\"elementor-tab-content-1791\" aria-expanded=\"false\">\n\t\t\t\t\t\t\t\t\t\t\t\t\t<span class=\"elementor-accordion-icon elementor-accordion-icon-left\" aria-hidden=\"true\">\n\t\t\t\t\t\t\t\t\t\t\t\t\t\t\t<span class=\"elementor-accordion-icon-closed\"><svg class=\"e-font-icon-svg e-fas-chevron-down\" viewbox=\"0 0 448 512\" xmlns=\"http:\/\/www.w3.org\/2000\/svg\"><path d=\"M207.029 381.476L12.686 187.132c-9.373-9.373-9.373-24.569 0-33.941l22.667-22.667c9.357-9.357 24.522-9.375 33.901-.04L224 284.505l154.745-154.021c9.379-9.335 24.544-9.317 33.901.04l22.667 22.667c9.373 9.373 9.373 24.569 0 33.941L240.971 381.476c-9.373 9.372-24.569 9.372-33.942 0z\"><\/path><\/svg><\/span>\n\t\t\t\t\t\t\t\t<span class=\"elementor-accordion-icon-opened\"><svg class=\"e-font-icon-svg e-fas-angle-up\" viewbox=\"0 0 320 512\" xmlns=\"http:\/\/www.w3.org\/2000\/svg\"><path d=\"M177 159.7l136 136c9.4 9.4 9.4 24.6 0 33.9l-22.6 22.6c-9.4 9.4-24.6 9.4-33.9 0L160 255.9l-96.4 96.4c-9.4 9.4-24.6 9.4-33.9 0L7 329.7c-9.4-9.4-9.4-24.6 0-33.9l136-136c9.4-9.5 24.6-9.5 34-.1z\"><\/path><\/svg><\/span>\n\t\t\t\t\t\t\t\t\t\t\t\t\t\t<\/span>\n\t\t\t\t\t\t\t\t\t\t\t\t<a class=\"elementor-accordion-title\" tabindex=\"0\">Clientes Internacionales (Tarifa Incluida):<\/a>\n\t\t\t\t\t<\/div>\n\t\t\t\t\t<div id=\"elementor-tab-content-1791\" class=\"elementor-tab-content elementor-clearfix\" data-tab=\"1\" role=\"region\" aria-labelledby=\"elementor-tab-title-1791\"><h5><strong>Incluye:<\/strong><\/h5>\n<hr \/>\n<ul>\n<li>\n<h5>Kilometraje ilimitado.<\/h5>\n<\/li>\n<li>\n<h5>Exenci\u00f3n de responsabilidad por da\u00f1os por colisi\u00f3n (CDW).<\/h5>\n<\/li>\n<li>\n<h5>Exenci\u00f3n de robo (THW).<\/h5>\n<\/li>\n<li>\n<h5>Responsabilidad civil (TPL).\u00a0<\/h5>\n<\/li>\n<\/ul>\n<h5><strong>Fianza:<\/strong><\/h5>\n<hr \/>\n<h5>Se retendr\u00e1 un dep\u00f3sito de seguridad de tarjeta de cr\u00e9dito de $1000,00, reembolsable, hasta el final del per\u00edodo de alquiler. Despu\u00e9s de devolver el veh\u00edculo, se desbloquear\u00e1 en un plazo de 2 a 8 d\u00edas laborables.<br \/><br \/><strong>Viajes transfronterizos:<\/strong><\/h5>\n<hr \/>\n<h5>Los veh\u00edculos de alquiler no se pueden sacar del estado de Florida. Si esto ocurre, el cliente tendr\u00e1 una multa de $2000.00, la cual se cargar\u00e1 a su tarjeta de cr\u00e9dito.<br \/><br \/><strong>Peaje electr\u00f3nico (Sun Pass):<\/strong><\/h5>\n<hr \/>\n<ul>\n<li>\n<h5>Los peajes prepagos est\u00e1n disponibles por 19,99 d\u00f3lares al d\u00eda.<\/h5>\n<\/li>\n<li>\n<h5>Si el cliente rechaza el pase de peaje para autom\u00f3vil\/dispositivo de peaje electr\u00f3nico, se impondr\u00e1 una multa de $25 por cada peaje utilizado, adem\u00e1s del costo de cada peaje impago.<\/h5>\n<\/li>\n<li>\n<h5>LOS CLIENTES NO PODR\u00c1N UTILIZAR SU PROPIO DISPOSITIVO DE PEAJE.<\/h5>\n<\/li>\n<li>\n<h5>Si el cliente retira el peaje electr\u00f3nico del auto, se aplicar\u00e1 un cargo adicional de USD 500.<\/h5>\n<\/li>\n<\/ul>\n<h5><strong>Edad del conductor:<\/strong><\/h5>\n<hr \/>\n<ul>\n<li>\n<h5>La edad m\u00ednima para conducir es de 21 a\u00f1os y la edad m\u00e1xima es de 74 a\u00f1os.<\/h5>\n<\/li>\n<li>\n<h5>Se aplicar\u00e1 un recargo por conductor joven de $19,99 por d\u00eda a los conductores de 21 a 25 a\u00f1os de edad.<\/h5>\n<\/li>\n<\/ul>\n<h5>Se aplicar\u00e1 un recargo por conductor joven de $19,99 por d\u00eda a los conductores de 75 a\u00f1os o m\u00e1s.<\/h5>\n<h5><br \/><strong>Licencia de conducir:<\/strong><\/h5>\n<hr \/>\n<ul>\n<li>\n<h5>Los clientes deber\u00e1n presentar permiso de conducir completo y en vigor con una antig\u00fcedad m\u00ednima de 2 a\u00f1os antes de la fecha de inicio del alquiler y sin garant\u00edas importantes. Se debe solicitar un documento de identidad y un pasaporte v\u00e1lidos en el momento de la recogida.<\/h5>\n<\/li>\n<\/ul>\n<h5>Se requiere una licencia de conducir internacional (IDL) si la licencia de conducir nacional del arrendatario no est\u00e1 en ingl\u00e9s. La licencia de conducir internacional debe ir acompa\u00f1ada de la licencia nacional de conducir original. Si no dispones de este documento, el mostrador te indicar\u00e1 los pasos a seguir para realizar tu reserva.<\/h5>\n<h5><br \/><strong>Se requieren los siguientes documentos al momento de la recogida:<\/strong><\/h5>\n<hr \/>\n<ul>\n<li>\n<h5>Pasaporte, licencia de conducir vigente, tarjeta de cr\u00e9dito v\u00e1lida, comprobante de reserva.<\/h5>\n<\/li>\n<li>\n<h5>Cobertura del seguro.<\/h5>\n<\/li>\n<li>\n<h5>La exenci\u00f3n de da\u00f1os por colisi\u00f3n (CDW) est\u00e1 incluida en el monto del alquiler.<\/h5>\n<\/li>\n<\/ul>\n<h5>La exenci\u00f3n de da\u00f1os por colisi\u00f3n reduce la responsabilidad por da\u00f1os del cliente al monto del exceso\/deducible.<br \/><br \/><strong>Exceso:<\/strong><\/h5>\n<hr \/>\n<h5>El monto m\u00e1ximo en exceso para CDW es de $5,000, para todos los grupos de veh\u00edculos. Esto deber\u00e1 reflejarse en el recibo para conocimiento del cliente.<br \/><br \/><strong>Exenci\u00f3n de robo (THW): est\u00e1 incluida en el monto del alquiler<\/strong><\/h5>\n<hr \/>\n<ul>\n<li>\n<h5>Exenci\u00f3n de robo: Reduce la responsabilidad financiera del cliente por p\u00e9rdida o robo del veh\u00edculo al monto del deducible.<\/h5>\n<\/li>\n<\/ul>\n<h5>La franquicia m\u00e1xima para THW es de 5.000.000 de d\u00f3lares para todos los grupos de veh\u00edculos. Esto deber\u00e1 reflejarse en el recibo para conocimiento del cliente.<\/h5>\n<h5><br \/><strong>Responsabilidad Civil (TPL) \u2013 Est\u00e1 incluida en el importe de tu alquiler<\/strong><\/h5>\n<hr \/>\n<h5>La cobertura del seguro de veh\u00edculos de alquiler incluye Responsabilidad P\u00fablica con cobertura limitada por lesiones personales y da\u00f1os a la propiedad.<\/h5>\n<h5><br \/><strong>Reducci\u00f3n excesiva:<\/strong><\/h5>\n<hr \/>\n<ul>\n<li>\n<h5>En caso de accidente, la Cobertura S\u00faper de Da\u00f1os por Colisi\u00f3n (Super CDW) reduce el importe de la franquicia a CERO.<\/h5>\n<\/li>\n<li>\n<h5>El precio de Super CDW es de $55 por d\u00eda para todos los grupos de veh\u00edculos.<\/h5>\n<\/li>\n<li>\n<h5>No puede cubrir cristales, neum\u00e1ticos y otros accesorios.<\/h5>\n<\/li>\n<\/ul>\n<h5>Super CDW es opcional y se puede comprar en el mostrador de alquiler. Para m\u00e1s informaci\u00f3n, pregunte en el mostrador de alquiler.<\/h5>\n<h5><br \/><strong>Tasa:<\/strong><\/h5>\n<hr \/>\n<ul>\n<li>\n<h5>Se aplicar\u00e1 una tarifa de aeropuerto de $3,95 por alquiler.<\/h5>\n<\/li>\n<li>\n<h5>Se aplicar\u00e1 una tarifa portuaria de 10 USD.<\/h5>\n<\/li>\n<\/ul>\n<h5>Estas tarifas ya est\u00e1n dentro de las tarifas de alquiler sugeridas.<br \/><br \/><strong>Otros cargos:<\/strong><\/h5>\n<hr \/>\n<ul>\n<li>\n<h5>Para multas de estacionamiento, se aplicar\u00e1 un cargo de 100 USD por d\u00eda.<\/h5>\n<\/li>\n<li>\n<h5>Para multas de tr\u00e1nsito se aplicar\u00e1n USD 300 (tarifa fija).<\/h5>\n<\/li>\n<li>\n<h5>Se aplicar\u00e1 un cargo \u00fanico de $500 por fumar dentro del veh\u00edculo.<\/h5>\n<\/li>\n<\/ul>\n<h5><strong>Asistencia en caso de accidente:<\/strong><\/h5>\n<hr \/>\n<h5>La asistencia en carretera cuesta $ 7,99 por d\u00eda. Los datos de contacto pertinentes y los procedimientos de asistencia en carretera se proporcionar\u00e1n antes del inicio del alquiler.<br \/><br \/><strong>Pol\u00edtica de combustible:<\/strong><\/h5>\n<hr \/>\n<ul>\n<li>\n<h5>El veh\u00edculo se entregar\u00e1 con el dep\u00f3sito de combustible lleno y deber\u00e1 devolverse lleno. En caso contrario, se cargar\u00e1 el combustible faltante a la devoluci\u00f3n.<\/h5>\n<\/li>\n<li>\n<h5>Los cargos por combustible se pagan en el mostrador de alquiler a menos que se indique lo contrario.<\/h5>\n<\/li>\n<li>\n<h5>Las pol\u00edticas de combustible del proveedor cambian de vez en cuando; conf\u00edrmelas en el mostrador de alquiler.<\/h5>\n<\/li>\n<\/ul>\n<h5><strong>Impuesto de venta:<\/strong><\/h5>\n<hr \/>\n<h5>El impuesto sobre las ventas de oficinas no est\u00e1 incluido en el precio del alquiler y se cobrar\u00e1 adicionalmente en el mostrador de alquiler.<br \/><br \/><strong>M\u00e9todos de pago:<\/strong><\/h5>\n<hr \/>\n<ul>\n<li>\n<h5>S\u00f3lo se aceptan tarjetas MasterCard, Visa de d\u00e9bito y tarjetas de cr\u00e9dito.<\/h5>\n<\/li>\n<li>\n<h5>S\u00f3lo se aceptan tarjetas emitidas a nombre del conductor principal.<\/h5>\n<\/li>\n<li>\n<h5>No se aceptan efectivo, vales, tarjetas prepago, tarjetas de d\u00e9bito.<\/h5>\n<\/li>\n<\/ul>\n<h5><strong>Entrega y recogida:<\/strong><\/h5>\n<hr \/>\n<h5>Nuestro horario de atenci\u00f3n al cliente es:<\/h5>\n<h5><strong>De lunes a domingo de 7.00 a 22.00 horas.<\/strong><\/h5>\n<h5>El servicio de entrega y recogida fuera de horario tiene un recargo de $75 por cada caso.<br \/><br \/><strong>Periodo de gracia:<\/strong><\/h5>\n<hr \/>\n<h5>Para recogida de veh\u00edculos: Se permite un per\u00edodo de gracia de 1 hora.\u00a0<\/h5>\n<h5>Para la devoluci\u00f3n del veh\u00edculo: Se permite un plazo de gracia de 1 hora desde el momento de la entrega. Despu\u00e9s del per\u00edodo de gracia, se aplicar\u00e1 un cargo por pago atrasado de $25 por hora. A partir de la tercera hora de retraso se cobrar\u00e1 el alquiler del d\u00eda completo.<br \/><br \/><strong>Caracter\u00edsticas adicionales:<\/strong><\/h5>\n<hr \/>\n<ul>\n<li>\n<h5>Conductor adicional por d\u00eda $ 14.99<\/h5>\n<\/li>\n<li>\n<h5>Silla de beb\u00e9 por d\u00eda $10.00<\/h5>\n<\/li>\n<li>\n<h5>TARJETA SIM $10.00<\/h5>\n<\/li>\n<\/ul><\/div>\n\t\t\t\t<\/div>\n\t\t\t\t\t\t\t<div class=\"elementor-accordion-item\">\n\t\t\t\t\t<div id=\"elementor-tab-title-1792\" class=\"elementor-tab-title\" data-tab=\"2\" role=\"button\" aria-controls=\"elementor-tab-content-1792\" aria-expanded=\"false\">\n\t\t\t\t\t\t\t\t\t\t\t\t\t<span class=\"elementor-accordion-icon elementor-accordion-icon-left\" aria-hidden=\"true\">\n\t\t\t\t\t\t\t\t\t\t\t\t\t\t\t<span class=\"elementor-accordion-icon-closed\"><svg class=\"e-font-icon-svg e-fas-chevron-down\" viewbox=\"0 0 448 512\" xmlns=\"http:\/\/www.w3.org\/2000\/svg\"><path d=\"M207.029 381.476L12.686 187.132c-9.373-9.373-9.373-24.569 0-33.941l22.667-22.667c9.357-9.357 24.522-9.375 33.901-.04L224 284.505l154.745-154.021c9.379-9.335 24.544-9.317 33.901.04l22.667 22.667c9.373 9.373 9.373 24.569 0 33.941L240.971 381.476c-9.373 9.372-24.569 9.372-33.942 0z\"><\/path><\/svg><\/span>\n\t\t\t\t\t\t\t\t<span class=\"elementor-accordion-icon-opened\"><svg class=\"e-font-icon-svg e-fas-angle-up\" viewbox=\"0 0 320 512\" xmlns=\"http:\/\/www.w3.org\/2000\/svg\"><path d=\"M177 159.7l136 136c9.4 9.4 9.4 24.6 0 33.9l-22.6 22.6c-9.4 9.4-24.6 9.4-33.9 0L160 255.9l-96.4 96.4c-9.4 9.4-24.6 9.4-33.9 0L7 329.7c-9.4-9.4-9.4-24.6 0-33.9l136-136c9.4-9.5 24.6-9.5 34-.1z\"><\/path><\/svg><\/span>\n\t\t\t\t\t\t\t\t\t\t\t\t\t\t<\/span>\n\t\t\t\t\t\t\t\t\t\t\t\t<a class=\"elementor-accordion-title\" tabindex=\"0\">Clientes Nacionales USA - Canad\u00e1 (Tarifa Exclusiva)<\/a>\n\t\t\t\t\t<\/div>\n\t\t\t\t\t<div id=\"elementor-tab-content-1792\" class=\"elementor-tab-content elementor-clearfix\" data-tab=\"2\" role=\"region\" aria-labelledby=\"elementor-tab-title-1792\"><h5><strong>Inclusiones<\/strong><\/h5>\n<hr \/>\n<h5>Millas ilimitadas (para residentes fuera de Florida)<\/h5>\n<h5>Millaje limitado: 100 millas por d\u00eda (para residentes de Florida)<\/h5>\n<h5>Por exceso de millas se aplicar\u00e1 un cargo adicional de USD 0,80 por milla.<\/h5>\n<p>\u00a0<\/p>\n<h5><strong>Pol\u00edtica<\/strong><\/h5>\n<hr \/>\n<h5>Los siguientes tipos de seguro:<\/h5>\n<h5>Seguro de Responsabilidad Suplementario (SLI).<\/h5>\n<h5>Exenci\u00f3n de responsabilidad por da\u00f1os por colisi\u00f3n (CDW).<\/h5>\n<h5>Responsabilidad civil de terceros (TPL).<\/h5>\n<h5>Ellos no est\u00e1n incluidos.<\/h5>\n<h5>Se acepta seguro solo si se emite en los siguientes pa\u00edses: EE. UU.<\/h5>\n<h5>Para utilizar el seguro propio del arrendatario, el arrendatario deber\u00e1 presentar prueba de cobertura CDW, Robo y TPL a su nombre, emitida por una de las siguientes compa\u00f1\u00edas: GEICO, ALLSTATE, PROGRESSIVE, USA, FARMERS, MAPFRE, METLIFE, NATIONWIDE, STATE FARM, LIBERTY MUTUAL, deber\u00e1 tener un l\u00edmite de responsabilidad de $500,000 a $1,000,000. La prueba de seguro aceptable debe incluir una tarjeta de seguro a nombre del conductor principal, una p\u00e1gina de declaraci\u00f3n de seguro que coincida con la direcci\u00f3n particular en la licencia de conducir y que sea v\u00e1lida por al menos 3 meses antes de la recogida.<\/h5>\n<h5>Si utiliza un seguro de tarjeta de cr\u00e9dito, debe tener un l\u00edmite de responsabilidad de $300,000 en su tarjeta de cr\u00e9dito. La prueba de seguro aceptable debe incluir una tarjeta de seguro a nombre del conductor principal, una p\u00e1gina de declaraci\u00f3n de seguro que coincida con la direcci\u00f3n particular en la licencia de conducir y que sea v\u00e1lida por al menos 3 meses antes de la recogida.<\/h5>\n<h5>Si el cliente utiliza su propio seguro, el monto de responsabilidad del cliente por el autom\u00f3vil alquilado es de 1000 USD. En caso de que el cliente utilice un seguro propio, se aplica un cargo adicional de 10 USD por d\u00eda.<\/h5>\n<h5>Si no cumple con los requisitos de seguro enumerados anteriormente o su tarjeta de cr\u00e9dito\/autoseguro no es de las compa\u00f1\u00edas enumeradas anteriormente, deber\u00e1 comprar un seguro en el mostrador de alquiler para alquilar el veh\u00edculo. El seguro se puede adquirir en el alquiler por un cargo adicional que es:<\/h5>\n<h5>1. CDW Bronce: $25,00 por d\u00eda reduce el excedente a $3000<\/h5>\n<h5>2. CDW b\u00e1sico: $40.00 por d\u00eda reduce el excedente a $1,000<\/h5>\n<h5>3. CDW Gold: $45,00 por d\u00eda reduce el excedente a $500<\/h5>\n<h5>4. Platinum CDW: $55.00 por d\u00eda reduce el excedente a $0<\/h5>\n<h5>\u00a0<\/h5>\n<h5><strong>Fianza<\/strong><\/h5>\n<hr \/>\n<h5>El bloqueo de $1500.00 correspondiente a un dep\u00f3sito de seguridad en una tarjeta de cr\u00e9dito reembolsable se mantendr\u00e1 hasta el final del per\u00edodo de alquiler, luego de devolver el veh\u00edculo se desbloquear\u00e1 en 2 a 8 d\u00edas h\u00e1biles.<\/h5>\n<p>\u00a0<\/p>\n<h5><strong>Viajes transfronterizos<\/strong><\/h5>\n<hr \/>\n<h5>Los veh\u00edculos de alquiler no se pueden sacar del estado de Florida. Si esto ocurre, el cliente tendr\u00e1 una multa de $2000.00, la cual se cargar\u00e1 a su tarjeta de cr\u00e9dito.<\/h5>\n<p>\u00a0<\/p>\n<h5><strong>Peaje electr\u00f3nico (Sun Pass)<\/strong><\/h5>\n<hr \/>\n<h5>Los peajes prepagos est\u00e1n disponibles por 19,99 d\u00f3lares al d\u00eda.<\/h5>\n<h5>Si el cliente rechaza el servicio de peaje\/dispositivo de peaje electr\u00f3nico para autom\u00f3vil, se impondr\u00e1 una multa de $25.00 por cada peaje utilizado, adem\u00e1s del costo de cada peaje impago.<\/h5>\n<h5>LOS CLIENTES NO PODR\u00c1N UTILIZAR SU PROPIO DISPOSITIVO DE PEAJE.<\/h5>\n<h5>Si el cliente retira el peaje electr\u00f3nico del auto, se aplicar\u00e1 un cargo adicional de USD$500.<\/h5>\n<h5>\u00a0<\/h5>\n<h5><strong>Edad del conductor<\/strong><\/h5>\n<hr \/>\n<h5>La edad m\u00ednima para conducir es de 21 a\u00f1os y la edad m\u00e1xima es de 74 a\u00f1os.<\/h5>\n<h5>Se aplicar\u00e1 un recargo por conductor joven de $19,99 por d\u00eda para conductores de entre 21 y 25 a\u00f1os.<\/h5>\n<h5>Se aplicar\u00e1 un recargo por conductor joven de $19,99 por d\u00eda a los conductores de 75 a\u00f1os o m\u00e1s.<\/h5>\n<h5>\u00a0<\/h5>\n<h5><strong>Licencia de conducir<\/strong><\/h5>\n<hr \/>\n<h5>Los clientes deber\u00e1n presentar permiso de conducir completo y en vigor con una antig\u00fcedad m\u00ednima de 2 a\u00f1os antes de la fecha de inicio del alquiler y sin garant\u00edas importantes. Se debe solicitar un documento de identidad y un pasaporte v\u00e1lidos en el momento de la recogida.<\/h5>\n<h5>Se requieren los siguientes documentos al momento de la recogida: pasaporte, licencia de conducir v\u00e1lida, tarjeta de cr\u00e9dito v\u00e1lida y comprobante de reserva.<\/h5>\n<h5>\u00a0<\/h5>\n<h5><strong>Tasa<\/strong><\/h5>\n<hr \/>\n<h5>Se aplicar\u00e1 una tarifa de aeropuerto de $3,95 por alquiler.<\/h5>\n<h5>Se aplicar\u00e1 una tarifa portuaria de 10 USD.<\/h5>\n<h5>Estas tarifas ya est\u00e1n dentro de las tarifas de alquiler sugeridas.<\/h5>\n<h5>\u00a0<\/h5>\n<h5><strong>Otros cargos:<\/strong><\/h5>\n<hr \/>\n<h5>1. Para multas de estacionamiento se aplicar\u00e1 un cargo de USD 100 por d\u00eda.<\/h5>\n<h5>2. Para multas de tr\u00e1nsito se aplicar\u00e1n USD 300 (tarifa fija).<\/h5>\n<h5>3. Se aplicar\u00e1 un cargo \u00fanico de $500 por fumar dentro del veh\u00edculo.<\/h5>\n<h5>\u00a0<\/h5>\n<h5><strong>Pol\u00edtica de combustible<\/strong><\/h5>\n<hr \/>\n<h5>El veh\u00edculo se entregar\u00e1 con el dep\u00f3sito de combustible lleno y deber\u00e1 devolverse lleno. En caso contrario, se cargar\u00e1 el combustible faltante a la devoluci\u00f3n. Los cargos por combustible se pagan en el mostrador de alquiler a menos que se indique lo contrario. Las pol\u00edticas de combustible del proveedor cambian de vez en cuando; conf\u00edrmelas en el mostrador de alquiler.<\/h5>\n<h5>\u00a0<\/h5>\n<h5><strong>Impuesto de venta<\/strong><\/h5>\n<hr \/>\n<h5>El impuesto sobre las ventas de oficinas no est\u00e1 incluido en el precio del alquiler y se cobrar\u00e1 adicionalmente en el mostrador de alquiler.<\/h5>\n<h5>\u00a0<\/h5>\n<h5><strong>M\u00e9todos de pago<\/strong><\/h5>\n<hr \/>\n<h5>S\u00f3lo se aceptan tarjetas de cr\u00e9dito MasterCard y Visa. S\u00f3lo se aceptan tarjetas emitidas a nombre del conductor principal.<\/h5>\n<h5>No se aceptan efectivo, vales, tarjetas prepago, tarjetas de d\u00e9bito.<\/h5>\n<h5>Entrega y recogida<\/h5>\n<h5>Nuestro horario de atenci\u00f3n al cliente es<\/h5>\n<h5>De lunes a domingo de 7.00 a 22.00 horas.<\/h5>\n<h5>El servicio de entrega y recogida fuera de horario tiene un recargo de $75 por cada caso.<\/h5>\n<h5>\u00a0<\/h5>\n<h5><strong>Periodo de gracia<\/strong><\/h5>\n<hr \/>\n<h5>Para recogida de veh\u00edculos<\/h5>\n<h5>Se permite un per\u00edodo de gracia de 1 hora.<\/h5>\n<h5>\u00a0<\/h5>\n<h5><strong>Para devolver el veh\u00edculo<\/strong><\/h5>\n<hr \/>\n<h5>Se permite un per\u00edodo de gracia de 1 hora. Despu\u00e9s del per\u00edodo de gracia, se aplicar\u00e1 un cargo por pago atrasado de $25 por hora. A partir de la tercera hora de retraso se cobrar\u00e1 el alquiler del d\u00eda completo.<\/h5>\n<h5>Caracter\u00edsticas adicionales<\/h5>\n<h5>Conductor adicional por d\u00eda $ 14.99<\/h5>\n<h5>Silla de beb\u00e9 por d\u00eda $10.00<\/h5>\n<h5>SIMCARD por d\u00eda $10.00<\/h5><\/div>\n\t\t\t\t<\/div>\n\t\t\t\t\t\t\t\t<\/div>\n\t\t\t\t\t\t<\/div>\n\t\t\t\t<\/div>\n\t\t\t\t<div class=\"elementor-element elementor-element-5ad4f70 elementor-widget elementor-widget-image\" data-id=\"5ad4f70\" data-element_type=\"widget\" data-e-type=\"widget\" data-widget_type=\"image.default\">\n\t\t\t\t<div class=\"elementor-widget-container\">\n\t\t\t\t\t\t\t\t\t\t\t\t\t\t\t<img fetchpriority=\"high\" decoding=\"async\" width=\"500\" height=\"500\" src=\"https:\/\/hdcrentacar.com\/wp-content\/uploads\/2024\/03\/hdc-rent-a-car_Food.gif\" class=\"attachment-2048x2048 size-2048x2048 wp-image-4622\" alt=\"\" \/>\t\t\t\t\t\t\t\t\t\t\t\t\t\t\t<\/div>\n\t\t\t\t<\/div>\n\t\t\t\t\t<\/div>\n\t\t\t\t<\/div>\n\t\t\t\t<\/div>","protected":false},"excerpt":{"rendered":"<p>GENERAL TERMS AND CONDITIONS OF RENTAL International Clients (Rate Included): Inclusions: Unlimited mileage. Collision Damage Waiver (CDW). Theft Waiver (THW). Third party liability (TPL).\u00a0 Bail: A $1000.00 credit card security deposit hold, refundable, will be held until the end of the rental period. After returning the vehicle it will be unlocked in 2 to 8 [&hellip;]<\/p>\n","protected":false},"author":2,"featured_media":0,"parent":0,"menu_order":0,"comment_status":"closed","ping_status":"closed","template":"","meta":{"_uag_custom_page_level_css":"","site-sidebar-layout":"default","site-content-layout":"","ast-site-content-layout":"default","site-content-style":"default","site-sidebar-style":"default","ast-global-header-display":"","ast-banner-title-visibility":"","ast-main-header-display":"","ast-hfb-above-header-display":"","ast-hfb-below-header-display":"","ast-hfb-mobile-header-display":"","site-post-title":"","ast-breadcrumbs-content":"","ast-featured-img":"","footer-sml-layout":"","ast-disable-related-posts":"","theme-transparent-header-meta":"","adv-header-id-meta":"","stick-header-meta":"","header-above-stick-meta":"","header-main-stick-meta":"","header-below-stick-meta":"","astra-migrate-meta-layouts":"set","ast-page-background-enabled":"default","ast-page-background-meta":{"desktop":{"background-color":"var(--ast-global-color-4)","background-image":"","background-repeat":"repeat","background-position":"center center","background-size":"auto","background-attachment":"scroll","background-type":"","background-media":"","overlay-type":"","overlay-color":"","overlay-opacity":"","overlay-gradient":""},"tablet":{"background-color":"","background-image":"","background-repeat":"repeat","background-position":"center center","background-size":"auto","background-attachment":"scroll","background-type":"","background-media":"","overlay-type":"","overlay-color":"","overlay-opacity":"","overlay-gradient":""},"mobile":{"background-color":"","background-image":"","background-repeat":"repeat","background-position":"center center","background-size":"auto","background-attachment":"scroll","background-type":"","background-media":"","overlay-type":"","overlay-color":"","overlay-opacity":"","overlay-gradient":""}},"ast-content-background-meta":{"desktop":{"background-color":"var(--ast-global-color-5)","background-image":"","background-repeat":"repeat","background-position":"center center","background-size":"auto","background-attachment":"scroll","background-type":"","background-media":"","overlay-type":"","overlay-color":"","overlay-opacity":"","overlay-gradient":""},"tablet":{"background-color":"var(--ast-global-color-5)","background-image":"","background-repeat":"repeat","background-position":"center center","background-size":"auto","background-attachment":"scroll","background-type":"","background-media":"","overlay-type":"","overlay-color":"","overlay-opacity":"","overlay-gradient":""},"mobile":{"background-color":"var(--ast-global-color-5)","background-image":"","background-repeat":"repeat","background-position":"center center","background-size":"auto","background-attachment":"scroll","background-type":"","background-media":"","overlay-type":"","overlay-color":"","overlay-opacity":"","overlay-gradient":""}},"footnotes":""},"class_list":["post-4845","page","type-page","status-publish","hentry"],"uagb_featured_image_src":{"full":false,"thumbnail":false,"medium":false,"medium_large":false,"large":false,"1536x1536":false,"2048x2048":false,"trp-custom-language-flag":false},"uagb_author_info":{"display_name":"Francisco Javier Teran Daboin","author_link":"https:\/\/hdcrentacar.com\/es\/author\/fterand\/"},"uagb_comment_info":0,"uagb_excerpt":"GENERAL TERMS AND CONDITIONS OF RENTAL International Clients (Rate Included): Inclusions: Unlimited mileage. Collision Damage Waiver (CDW). Theft Waiver (THW). Third party liability (TPL).\u00a0 Bail: A $1000.00 credit card security deposit hold, refundable, will be held until the end of the rental period. After returning the vehicle it will be unlocked in 2 to 8&hellip;","_links":{"self":[{"href":"https:\/\/hdcrentacar.com\/es\/wp-json\/wp\/v2\/pages\/4845","targetHints":{"allow":["GET"]}}],"collection":[{"href":"https:\/\/hdcrentacar.com\/es\/wp-json\/wp\/v2\/pages"}],"about":[{"href":"https:\/\/hdcrentacar.com\/es\/wp-json\/wp\/v2\/types\/page"}],"author":[{"embeddable":true,"href":"https:\/\/hdcrentacar.com\/es\/wp-json\/wp\/v2\/users\/2"}],"replies":[{"embeddable":true,"href":"https:\/\/hdcrentacar.com\/es\/wp-json\/wp\/v2\/comments?post=4845"}],"version-history":[{"count":25,"href":"https:\/\/hdcrentacar.com\/es\/wp-json\/wp\/v2\/pages\/4845\/revisions"}],"predecessor-version":[{"id":5224,"href":"https:\/\/hdcrentacar.com\/es\/wp-json\/wp\/v2\/pages\/4845\/revisions\/5224"}],"wp:attachment":[{"href":"https:\/\/hdcrentacar.com\/es\/wp-json\/wp\/v2\/media?parent=4845"}],"curies":[{"name":"wp","href":"https:\/\/api.w.org\/{rel}","templated":true}]}}